{"id":2062,"date":"2024-07-04T17:36:23","date_gmt":"2024-07-04T15:36:23","guid":{"rendered":"https:\/\/ticker.nemethstarproductions.eu\/?page_id=2062"},"modified":"2025-09-10T15:52:51","modified_gmt":"2025-09-10T13:52:51","slug":"blog-tech-privacy-and-it","status":"publish","type":"page","link":"https:\/\/ticker.nemethstarproductions.eu\/?page_id=2062","title":{"rendered":"Blog: Tech, Privacy and IT"},"content":{"rendered":"\n<div class=\"wp-block-media-text is-stacked-on-mobile\" style=\"grid-template-columns:26% auto\"><figure class=\"wp-block-media-text__media\"><img loading=\"lazy\" decoding=\"async\" width=\"800\" height=\"600\" src=\"https:\/\/ticker.nemethstarproductions.eu\/wp-content\/uploads\/2024\/07\/Headbanner-Nemeth-Star-Prodctions_people_Nemeth_web.jpg\" alt=\"\" class=\"wp-image-2121 size-full\" srcset=\"https:\/\/ticker.nemethstarproductions.eu\/wp-content\/uploads\/2024\/07\/Headbanner-Nemeth-Star-Prodctions_people_Nemeth_web.jpg 800w, https:\/\/ticker.nemethstarproductions.eu\/wp-content\/uploads\/2024\/07\/Headbanner-Nemeth-Star-Prodctions_people_Nemeth_web-300x225.jpg 300w, https:\/\/ticker.nemethstarproductions.eu\/wp-content\/uploads\/2024\/07\/Headbanner-Nemeth-Star-Prodctions_people_Nemeth_web-768x576.jpg 768w\" sizes=\"auto, (max-width: 800px) 100vw, 800px\" \/><\/figure><div class=\"wp-block-media-text__content\">\n<p class=\"has-medium-font-size\"><strong>Hello, it&#8217;s Sven, your IT Specialist for the bits, bytes and details<\/strong>. <\/p>\n\n\n\n<p class=\"has-medium-font-size\"><strong>This is where I write about various tech, privacy and IT topics and provide tips and how-to&#8217;s on these topics.<\/strong><br><br><strong>You can request IT-Support via our website: <a href=\"https:\/\/nemethstarproductions.eu\/services\/it-support.html\">https:\/\/nemethstarproductions.eu\/services\/it-support.html<\/a><\/strong><\/p>\n<\/div><\/div>\n\n\n\n<p class=\"has-medium-font-size\"><\/p>\n\n\n\n<div class=\"container\" style=\"margin: 20px;\">\n    <div><b>*Affiliate Links, Werbung, Promo <\/b>\n        <br \/>\n    <\/div><a target=\"_blank\" href=\"https:\/\/www.netcup.de\/?ref=65575\" rel=\"noopener\"><img decoding=\"async\" style=\"margin-right: 45px;margin-bottom: 10px;max-width: 100%;\" src=\"https:\/\/www.netcup.de\/static\/assets\/images\/promotion\/netcup-setC-468x60.png\" alt=\"netcup.de\" \/><\/a><a href=\"https:\/\/www.do.de\/?ap=cYzuB5dMVSEH\" target=\"_blank\" rel=\"noopener\"><img decoding=\"async\" alt=\"do.de - Domain-Offensive - Domains f\u00fcr alle und zu super Preisen\" src=\"https:\/\/my.do.de\/assets\/img\/ap\/domain5.png\" style=\"margin-right: 45px;margin-bottom: 10px;max-width: 100%;\" \/><\/a>\n<\/div>\n\n\n\n<p><strong>If you want to see more of our content join us on:<\/strong><br><br>Website: <a href=\"https:\/\/nemethstarproductions.eu\" data-type=\"link\" data-id=\"https:\/\/nemethstarproductions.eu\">https:\/\/nemethstarproductions.eu<\/a><br>Signal Messenger: <a href=\"https:\/\/signal.group\/#CjQKIHfqX73P2CirD_TRqWha9BJ8ew7RrysHe2Esd69vTLa4EhCTHx-BPgLhIk-xuq7P_dJV\">https:\/\/signal.group\/#CjQKIHfqX73P2CirD_TRqWha9BJ8ew7RrysHe2Esd69vTLa4EhCTHx-BPgLhIk-xuq7P_dJV<\/a><br>SPACE-FRIDAY: The Talk on Signal: <a href=\"https:\/\/signal.group\/#CjQKIBZWmt57f4O58ORpQyMj1FbYfWMo3v0WILUxX93IhRIQEhDnyBfyv_7sTW7z6gd_ji5l\">https:\/\/signal.group\/#CjQKIBZWmt57f4O58ORpQyMj1FbYfWMo3v0WILUxX93IhRIQEhDnyBfyv_7sTW7z6gd_ji5l<\/a><br>Mastodon: <a href=\"https:\/\/mastodon.social\/@nemethstarpro.bsky.social@bsky.brid.gy\" data-type=\"link\" data-id=\"https:\/\/tharp.de\/u\/nestarmastodon\">@nemethstarpro.bsky.social@bsky.brid.gy<\/a> <a href=\"https:\/\/mastodon.social\/@spacefriday.bsky.social@bsky.brid.gy\" data-type=\"link\" data-id=\"https:\/\/mastodon.social\/@space_friday\"> @spacefriday.bsky.social@bsky.brid.gy<\/a><br>BlueSky: <a href=\"https:\/\/bsky.app\/profile\/nemethstarpro.bsky.social\" target=\"_blank\" rel=\"noreferrer noopener\">@nemethstarpro.bsky.social<\/a> <a href=\"https:\/\/bsky.app\/profile\/spacefriday.bsky.social\" data-type=\"link\" data-id=\"https:\/\/bsky.app\/profile\/spacefriday.bsky.social\" target=\"_blank\" rel=\"noreferrer noopener\">@spacefriday.bsky.social<\/a><br><\/p>\n\n\n\n<div class=\"container\" style=\"margin: 20px;\">\n    <div><b>*Affiliate Links, Werbung, Promo <\/b>\n        <br \/>\n    <\/div><a target=\"_blank\" href=\"https:\/\/go.getproton.me\/SH10p\" rel=\"noopener\"><img decoding=\"async\" style=\"margin-right: 45px;margin-bottom: 10px;max-width: 100%;\" src=\"https:\/\/nemethstarproductions.eu\/assets\/img\/services\/affiliate-programs\/Proton-ag\/VPN_SVD_320x50.png\" \/><\/a><a target=\"_blank\" href=\"https:\/\/www.netim.com\/en?partnerid=NS2008\" rel=\"noopener\"><img loading=\"lazy\" decoding=\"async\" style=\"margin-right: 45px;margin-bottom: 10px;max-width: 100%;\" alt=\"Netim - Domain names\" src=\"https:\/\/www.netim.com\/img\/logo-netim.svg\" width=\"234\" height=\"60\" \/><\/a><a href=\"https:\/\/www.digistore24.com\/redir\/287338\/NemethStarProductions\/eRecht24web\">\n    <p style=\"font-size: 12px;margin-top: -10px;height: -2px;\"><span style=\"color: rgb(7, 7, 7);\">Get special discounts for <\/span><a href=\"https:\/\/go.getproton.me\/SH140\" target=\"_blank\" rel=\"noopener\"><span style=\"color: rgb(7, 7, 7);\">ProtonPass (Password Manager)<\/span><\/a><\/p>\n<\/div>\n\n\n\n<div class=\"wp-block-query is-layout-flow wp-block-query-is-layout-flow\"><ul class=\"columns-3 wp-block-post-template is-layout-grid wp-container-core-post-template-is-layout-6d3fbd8f wp-block-post-template-is-layout-grid\"><li class=\"wp-block-post post-2845 post type-post status-publish format-standard hentry category-ai category-airpods category-apple category-apple-watch category-iphone category-tech\">\n\n<div class=\"wp-block-group is-layout-flow wp-block-group-is-layout-flow\" style=\"padding-top:30px;padding-right:30px;padding-bottom:30px;padding-left:30px\"><h2 class=\"wp-block-post-title\"><a href=\"https:\/\/ticker.nemethstarproductions.eu\/?p=2845\" target=\"_self\" >Apple iPhone KeyNote 2025 Summary<\/a><\/h2>\n\n<div class=\"wp-block-post-excerpt\"><p class=\"wp-block-post-excerpt__excerpt\">In this blog post I would like to inform you about the innovations from the iPhone KeyNote.This year we did not do a live ticker for the KeyNote. This was mainly due to a shooting that took place earlier in the day and it was therefore not possible to prepare a live ticker to deliver&hellip; <\/p><\/div>\n\n<div class=\"wp-block-post-date\"><time datetime=\"2025-09-10T17:35:01+02:00\">10. September 2025<\/time><\/div><\/div>\n\n<\/li><li class=\"wp-block-post post-2812 post type-post status-publish format-standard hentry category-ai category-airpods category-apple category-apple-watch category-iphone category-tech\">\n\n<div class=\"wp-block-group is-layout-flow wp-block-group-is-layout-flow\" style=\"padding-top:30px;padding-right:30px;padding-bottom:30px;padding-left:30px\"><h2 class=\"wp-block-post-title\"><a href=\"https:\/\/ticker.nemethstarproductions.eu\/?p=2812\" target=\"_self\" >Apple iPhone KeyNote 2025 Zusammenfassung<\/a><\/h2>\n\n<div class=\"wp-block-post-excerpt\"><p class=\"wp-block-post-excerpt__excerpt\">In diesem Blog Post m\u00f6chte ich Euch \u00fcber die Neuerungen aus der iPhone KeyNote informieren.Dieses Jahr haben wir keinen Live Ticker zu der KeyNote gemacht. Dies war haupts\u00e4chlich begr\u00fcndet in einem Drehtermin der zuvor am Tag stattfand und es deshalb zeitlich nicht m\u00f6glich war, einen Live Ticker vorzubereiten um die gewohnte Qualit\u00e4t zu liefern. Aber&hellip; <\/p><\/div>\n\n<div class=\"wp-block-post-date\"><time datetime=\"2025-09-10T15:57:46+02:00\">10. September 2025<\/time><\/div><\/div>\n\n<\/li><li class=\"wp-block-post post-2065 post type-post status-publish format-standard hentry category-ai category-meta category-privacy category-tech\">\n\n<div class=\"wp-block-group is-layout-flow wp-block-group-is-layout-flow\" style=\"padding-top:30px;padding-right:30px;padding-bottom:30px;padding-left:30px\"><h2 class=\"wp-block-post-title\"><a href=\"https:\/\/ticker.nemethstarproductions.eu\/?p=2065\" target=\"_self\" >File objection against MetaAI<\/a><\/h2>\n\n<div class=\"wp-block-post-excerpt\"><p class=\"wp-block-post-excerpt__excerpt\">This is the English text that can be used to file an objection against Meta using your posts, photos and image descriptions for Meta AI training. Meta wants to use all posts, photos and captions from all profiles on Facebook, Instagram and threads to train Meta AI. Meta justifies this use without the explicit consent&hellip; <\/p><\/div>\n\n<div class=\"wp-block-post-date\"><time datetime=\"2024-07-04T17:39:19+02:00\">4. Juli 2024<\/time><\/div><\/div>\n\n<\/li><li class=\"wp-block-post post-2074 post type-post status-publish format-standard hentry category-ai category-meta category-privacy category-tech\">\n\n<div class=\"wp-block-group is-layout-flow wp-block-group-is-layout-flow\" style=\"padding-top:30px;padding-right:30px;padding-bottom:30px;padding-left:30px\"><h2 class=\"wp-block-post-title\"><a href=\"https:\/\/ticker.nemethstarproductions.eu\/?p=2074\" target=\"_self\" >Einspruch gegen MetaAI einlegen<\/a><\/h2>\n\n<div class=\"wp-block-post-excerpt\"><p class=\"wp-block-post-excerpt__excerpt\">Dies ist der Deutsche Text der genutzt werden kann um bei Meta Widerspruch gegen die Nutzung deiner Posts, Fotos und Bildbeschreibungen f\u00fcr das Training der Meta AI einzulegen. Meta m\u00f6chte jetzt s\u00e4mtliche Beitr\u00e4ge, Fotos und Bildunterschrift von s\u00e4mtlichen Profilen auf Facebook, Instagram und Threads zum Trainieren der Meta AI. Meta begr\u00fcndet diese Nutzung ohne explizite&hellip; <\/p><\/div>\n\n<div class=\"wp-block-post-date\"><time datetime=\"2024-07-04T17:30:00+02:00\">4. Juli 2024<\/time><\/div><\/div>\n\n<\/li><li class=\"wp-block-post post-2150 post type-post status-publish format-standard hentry category-microsoft category-one-drive category-tech category-windows\">\n\n<div class=\"wp-block-group is-layout-flow wp-block-group-is-layout-flow\" style=\"padding-top:30px;padding-right:30px;padding-bottom:30px;padding-left:30px\"><h2 class=\"wp-block-post-title\"><a href=\"https:\/\/ticker.nemethstarproductions.eu\/?p=2150\" target=\"_self\" >Integrate OneDrive via webDAV (network drive)<\/a><\/h2>\n\n<div class=\"wp-block-post-excerpt\"><p class=\"wp-block-post-excerpt__excerpt\">Many people don&#8217;t know that you don&#8217;t necessarily need Microsoft&#8217;s OneDrive client to copy or edit files to OneDrive via Windows. OneDrive can also be integrated as a network drive under Windows. The following steps are necessary for this. <\/p><\/div>\n\n<div class=\"wp-block-post-date\"><time datetime=\"2024-07-01T20:57:00+02:00\">1. Juli 2024<\/time><\/div><\/div>\n\n<\/li><li class=\"wp-block-post post-2149 post type-post status-publish format-standard hentry category-microsoft category-one-drive category-tech category-windows\">\n\n<div class=\"wp-block-group is-layout-flow wp-block-group-is-layout-flow\" style=\"padding-top:30px;padding-right:30px;padding-bottom:30px;padding-left:30px\"><h2 class=\"wp-block-post-title\"><a href=\"https:\/\/ticker.nemethstarproductions.eu\/?p=2149\" target=\"_self\" >OneDrive per webDAV (Netzlaufwerk) einbinden<\/a><\/h2>\n\n<div class=\"wp-block-post-excerpt\"><p class=\"wp-block-post-excerpt__excerpt\">Viele Wissen nicht das man nicht zwangsweise Microsofts OneDrive Client ben\u00f6tigt um \u00fcber Windows Dateien auf die OneDrive zu kopieren oder zu bearbeiten. Die OneDrive kann auch als Netzwerklaufwerk unter Windows eingebunden werden. Dazu sind folgende Schritte notwendig. <\/p><\/div>\n\n<div class=\"wp-block-post-date\"><time datetime=\"2024-07-01T20:54:00+02:00\">1. Juli 2024<\/time><\/div><\/div>\n\n<\/li><li class=\"wp-block-post post-2133 post type-post status-publish format-standard hentry category-strato category-tech category-webhosting category-windows category-winscp\">\n\n<div class=\"wp-block-group is-layout-flow wp-block-group-is-layout-flow\" style=\"padding-top:30px;padding-right:30px;padding-bottom:30px;padding-left:30px\"><h2 class=\"wp-block-post-title\"><a href=\"https:\/\/ticker.nemethstarproductions.eu\/?p=2133\" target=\"_self\" >Setting up Strato Webspace in WinSCP<\/a><\/h2>\n\n<div class=\"wp-block-post-excerpt\"><p class=\"wp-block-post-excerpt__excerpt\">You can access your Strato web space with the WinSCP tool. WinSCP connects to the Strato webspace. <\/p><\/div>\n\n<div class=\"wp-block-post-date\"><time datetime=\"2024-07-01T19:55:00+02:00\">1. Juli 2024<\/time><\/div><\/div>\n\n<\/li><li class=\"wp-block-post post-2131 post type-post status-publish format-standard hentry category-strato category-tech category-webhosting category-windows category-winscp\">\n\n<div class=\"wp-block-group is-layout-flow wp-block-group-is-layout-flow\" style=\"padding-top:30px;padding-right:30px;padding-bottom:30px;padding-left:30px\"><h2 class=\"wp-block-post-title\"><a href=\"https:\/\/ticker.nemethstarproductions.eu\/?p=2131\" target=\"_self\" >Strato Webspace in WinSCP einrichten<\/a><\/h2>\n\n<div class=\"wp-block-post-excerpt\"><p class=\"wp-block-post-excerpt__excerpt\">Mit dem Tool WinSCP kannst du auf deinen Strato Webspace zugreifen. WinSCP verbindet sich mit dem Strato Webspace. <\/p><\/div>\n\n<div class=\"wp-block-post-date\"><time datetime=\"2024-07-01T19:48:00+02:00\">1. Juli 2024<\/time><\/div><\/div>\n\n<\/li><li class=\"wp-block-post post-2143 post type-post status-publish format-standard hentry category-netcup category-tech category-webhosting category-windows category-winscp\">\n\n<div class=\"wp-block-group is-layout-flow wp-block-group-is-layout-flow\" style=\"padding-top:30px;padding-right:30px;padding-bottom:30px;padding-left:30px\"><h2 class=\"wp-block-post-title\"><a href=\"https:\/\/ticker.nemethstarproductions.eu\/?p=2143\" target=\"_self\" >Setting up Netcup webspace in WinSCP<\/a><\/h2>\n\n<div class=\"wp-block-post-excerpt\"><p class=\"wp-block-post-excerpt__excerpt\">You can access your Netcup webspace with the WinSCP tool. What is needed:The user names or FTP users stored in the Netcup administration menu, the password and server address of the hosting package are required. Anleitung: <\/p><\/div>\n\n<div class=\"wp-block-post-date\"><time datetime=\"2024-07-01T19:35:00+02:00\">1. Juli 2024<\/time><\/div><\/div>\n\n<\/li><li class=\"wp-block-post post-2142 post type-post status-publish format-standard hentry category-netcup category-tech category-webhosting category-windows category-winscp\">\n\n<div class=\"wp-block-group is-layout-flow wp-block-group-is-layout-flow\" style=\"padding-top:30px;padding-right:30px;padding-bottom:30px;padding-left:30px\"><h2 class=\"wp-block-post-title\"><a href=\"https:\/\/ticker.nemethstarproductions.eu\/?p=2142\" target=\"_self\" >Netcup Webspace in WinSCP einrichten<\/a><\/h2>\n\n<div class=\"wp-block-post-excerpt\"><p class=\"wp-block-post-excerpt__excerpt\">Mit dem Tool WinSCP kannst du auf deinen Netcup Webspace zugreifen. Was wird ben\u00f6tigt:Die im Netcup Administrationsmen\u00fc hinterlegten Usernamen bzw. FTP User, das Passwort und Serveradresse des Hosting Paketes werden ben\u00f6tigt. Anleitung: <\/p><\/div>\n\n<div class=\"wp-block-post-date\"><time datetime=\"2024-07-01T19:34:00+02:00\">1. Juli 2024<\/time><\/div><\/div>\n\n<\/li><li class=\"wp-block-post post-2128 post type-post status-publish format-standard hentry category-apple category-iphone category-itunes category-tech category-windows\">\n\n<div class=\"wp-block-group is-layout-flow wp-block-group-is-layout-flow\" style=\"padding-top:30px;padding-right:30px;padding-bottom:30px;padding-left:30px\"><h2 class=\"wp-block-post-title\"><a href=\"https:\/\/ticker.nemethstarproductions.eu\/?p=2128\" target=\"_self\" >iTunes backup button is grayed out<\/a><\/h2>\n\n<div class=\"wp-block-post-excerpt\"><p class=\"wp-block-post-excerpt__excerpt\">It can happen that the backup button for the manual backup is grayed out in iTunes. This can happen if you use third-party software under Windows to manage your Apple devices. This happens because the software changes a variable in order to be able to create iPhone backups itself. There are two solutions for this.&hellip; <\/p><\/div>\n\n<div class=\"wp-block-post-date\"><time datetime=\"2024-07-01T18:54:00+02:00\">1. Juli 2024<\/time><\/div><\/div>\n\n<\/li><li class=\"wp-block-post post-2127 post type-post status-publish format-standard hentry category-apple category-iphone category-itunes category-tech category-windows\">\n\n<div class=\"wp-block-group is-layout-flow wp-block-group-is-layout-flow\" style=\"padding-top:30px;padding-right:30px;padding-bottom:30px;padding-left:30px\"><h2 class=\"wp-block-post-title\"><a href=\"https:\/\/ticker.nemethstarproductions.eu\/?p=2127\" target=\"_self\" >iTunes Backup Button ausgegraut<\/a><\/h2>\n\n<div class=\"wp-block-post-excerpt\"><p class=\"wp-block-post-excerpt__excerpt\">Es kann vorkommen das bei iTunes der Backup Button f\u00fcr das manuelle Backup ausgegraut ist. Dies kann passieren, wenn ihr eine Drittsoftware unter Windows f\u00fcr die Verwaltung eurer Apple Ger\u00e4te nutzt. Dies passiert, weil die Software eine Variable umstellt um selbst iPhone Backups erstellen zu k\u00f6nnen. Hierf\u00fcr gibt es gibt zwei L\u00f6sungswege. L\u00f6sungsweg 1: Der&hellip; <\/p><\/div>\n\n<div class=\"wp-block-post-date\"><time datetime=\"2024-07-01T18:50:00+02:00\">1. Juli 2024<\/time><\/div><\/div>\n\n<\/li><li class=\"wp-block-post post-2101 post type-post status-publish format-standard hentry category-keepass category-privacy category-security category-tech category-windows\">\n\n<div class=\"wp-block-group is-layout-flow wp-block-group-is-layout-flow\" style=\"padding-top:30px;padding-right:30px;padding-bottom:30px;padding-left:30px\"><h2 class=\"wp-block-post-title\"><a href=\"https:\/\/ticker.nemethstarproductions.eu\/?p=2101\" target=\"_self\" >KeePass: Download, set up language and database<\/a><\/h2>\n\n<div class=\"wp-block-post-excerpt\"><p class=\"wp-block-post-excerpt__excerpt\">Download Language package (optional) Now you need to download the translation of the language you prefer. This can be done in the translations section of the original website. Create KeePass password database <\/p><\/div>\n\n<div class=\"wp-block-post-date\"><time datetime=\"2024-07-01T18:23:22+02:00\">1. Juli 2024<\/time><\/div><\/div>\n\n<\/li><li class=\"wp-block-post post-2100 post type-post status-publish format-standard hentry category-keepass category-privacy category-security category-tech category-windows\">\n\n<div class=\"wp-block-group is-layout-flow wp-block-group-is-layout-flow\" style=\"padding-top:30px;padding-right:30px;padding-bottom:30px;padding-left:30px\"><h2 class=\"wp-block-post-title\"><a href=\"https:\/\/ticker.nemethstarproductions.eu\/?p=2100\" target=\"_self\" >KeePass: Download, Sprache und Datenbank erstellen<\/a><\/h2>\n\n<div class=\"wp-block-post-excerpt\"><p class=\"wp-block-post-excerpt__excerpt\">Download Sprachpaket (Optional) Nun muss noch die Deutsche \u00dcbersetzung heruntergeladen werden. Dies kann man im Translations Bereich der Original Webseite machen. KeePass Passwort Datenbank erstellen <\/p><\/div>\n\n<div class=\"wp-block-post-date\"><time datetime=\"2024-07-01T18:23:20+02:00\">1. Juli 2024<\/time><\/div><\/div>\n\n<\/li><li class=\"wp-block-post post-2095 post type-post status-publish format-standard hentry category-cloud category-magentacloud category-tech category-windows\">\n\n<div class=\"wp-block-group is-layout-flow wp-block-group-is-layout-flow\" style=\"padding-top:30px;padding-right:30px;padding-bottom:30px;padding-left:30px\"><h2 class=\"wp-block-post-title\"><a href=\"https:\/\/ticker.nemethstarproductions.eu\/?p=2095\" target=\"_self\" >Integrate Magenta Cloud via webDav<\/a><\/h2>\n\n<div class=\"wp-block-post-excerpt\"><p class=\"wp-block-post-excerpt__excerpt\">The MagentaCloud of Deutsche Telekom is easy to integrate via webDAV under Windows. The MagentaCloud now appears as a network drive under &#8222;This PC&#8220;. <\/p><\/div>\n\n<div class=\"wp-block-post-date\"><time datetime=\"2024-07-01T18:19:00+02:00\">1. Juli 2024<\/time><\/div><\/div>\n\n<\/li><li class=\"wp-block-post post-2094 post type-post status-publish format-standard hentry category-cloud category-magentacloud category-tech category-windows\">\n\n<div class=\"wp-block-group is-layout-flow wp-block-group-is-layout-flow\" style=\"padding-top:30px;padding-right:30px;padding-bottom:30px;padding-left:30px\"><h2 class=\"wp-block-post-title\"><a href=\"https:\/\/ticker.nemethstarproductions.eu\/?p=2094\" target=\"_self\" >Magenta Cloud per webDav einbinden<\/a><\/h2>\n\n<div class=\"wp-block-post-excerpt\"><p class=\"wp-block-post-excerpt__excerpt\">Die MagentaCloud der Deutschen Telekom ist einfach per webDAV einzubinden unter Windows. <\/p><\/div>\n\n<div class=\"wp-block-post-date\"><time datetime=\"2024-07-01T18:16:55+02:00\">1. Juli 2024<\/time><\/div><\/div>\n\n<\/li><li class=\"wp-block-post post-2090 post type-post status-publish format-standard hentry category-microsoft category-tech category-windows\">\n\n<div class=\"wp-block-group is-layout-flow wp-block-group-is-layout-flow\" style=\"padding-top:30px;padding-right:30px;padding-bottom:30px;padding-left:30px\"><h2 class=\"wp-block-post-title\"><a href=\"https:\/\/ticker.nemethstarproductions.eu\/?p=2090\" target=\"_self\" >Using the photo viewer under Windows 10<\/a><\/h2>\n\n<div class=\"wp-block-post-excerpt\"><p class=\"wp-block-post-excerpt__excerpt\">To use the picture viewer on Windows 10 in the same way as on Windows 7, the following settings must be made. .jpg.jpeg.bmp.png.gif Photos will now be opened in the old Windows photo viewer again. This process may need to be repeated after each Creators Update. <\/p><\/div>\n\n<div class=\"wp-block-post-date\"><time datetime=\"2024-07-01T18:08:28+02:00\">1. Juli 2024<\/time><\/div><\/div>\n\n<\/li><li class=\"wp-block-post post-2086 post type-post status-publish format-standard hentry category-microsoft category-tech category-windows\">\n\n<div class=\"wp-block-group is-layout-flow wp-block-group-is-layout-flow\" style=\"padding-top:30px;padding-right:30px;padding-bottom:30px;padding-left:30px\"><h2 class=\"wp-block-post-title\"><a href=\"https:\/\/ticker.nemethstarproductions.eu\/?p=2086\" target=\"_self\" >Fotoanzeige unter Windows 10 nutzen<\/a><\/h2>\n\n<div class=\"wp-block-post-excerpt\"><p class=\"wp-block-post-excerpt__excerpt\">Um wie unter Windows 7 die Fotoanzeige auch unter Windows 10 zu nutzen muss folgendes eingestellt werden. 1. Mit Window-Taste + R den regedit \u00fcber die Ausf\u00fchrung als Administrator aufrufen. 2. Im regedit zu dem folgenden Pfad navigieren: &#8222;HKEY_LOCAL_MACHINE\\SOFTWARE\\Microsoft\\Windows Photo Viewer\\Capabilities\\FileAssociations&#8220;. 3. In diesem Feld mit der rechten Maustaste auf &#8222;Neu&#8220; und &#8222;Zeichenfolge&#8220; ausw\u00e4hlen. 4.&hellip; <\/p><\/div>\n\n<div class=\"wp-block-post-date\"><time datetime=\"2024-07-01T18:01:34+02:00\">1. Juli 2024<\/time><\/div><\/div>\n\n<\/li><\/ul><\/div>\n","protected":false},"excerpt":{"rendered":"<p>Hello, it&#8217;s Sven, your IT Specialist for the bits, bytes and details. This is where I write about various tech, privacy and IT topics and provide tips and how-to&#8217;s on these topics. You can request IT-Support via our website: https:\/\/nemethstarproductions.eu\/services\/it-support.html *Affiliate Links, Werbung, Promo If you want to see more of our content join us [&hellip;]<\/p>\n","protected":false},"author":1,"featured_media":0,"parent":0,"menu_order":0,"comment_status":"closed","ping_status":"closed","template":"nemethstarpro","meta":{"footnotes":""},"class_list":["post-2062","page","type-page","status-publish","hentry"],"_links":{"self":[{"href":"https:\/\/ticker.nemethstarproductions.eu\/index.php?rest_route=\/wp\/v2\/pages\/2062","targetHints":{"allow":["GET"]}}],"collection":[{"href":"https:\/\/ticker.nemethstarproductions.eu\/index.php?rest_route=\/wp\/v2\/pages"}],"about":[{"href":"https:\/\/ticker.nemethstarproductions.eu\/index.php?rest_route=\/wp\/v2\/types\/page"}],"author":[{"embeddable":true,"href":"https:\/\/ticker.nemethstarproductions.eu\/index.php?rest_route=\/wp\/v2\/users\/1"}],"replies":[{"embeddable":true,"href":"https:\/\/ticker.nemethstarproductions.eu\/index.php?rest_route=%2Fwp%2Fv2%2Fcomments&post=2062"}],"version-history":[{"count":32,"href":"https:\/\/ticker.nemethstarproductions.eu\/index.php?rest_route=\/wp\/v2\/pages\/2062\/revisions"}],"predecessor-version":[{"id":2813,"href":"https:\/\/ticker.nemethstarproductions.eu\/index.php?rest_route=\/wp\/v2\/pages\/2062\/revisions\/2813"}],"wp:attachment":[{"href":"https:\/\/ticker.nemethstarproductions.eu\/index.php?rest_route=%2Fwp%2Fv2%2Fmedia&parent=2062"}],"curies":[{"name":"wp","href":"https:\/\/api.w.org\/{rel}","templated":true}]}}